{"id":1716,"date":"2022-06-03T15:28:22","date_gmt":"2022-06-03T15:28:22","guid":{"rendered":"https:\/\/kskuarterly.ksk.ch\/?page_id=1716"},"modified":"2022-12-05T09:17:07","modified_gmt":"2022-12-05T09:17:07","slug":"about","status":"publish","type":"page","link":"https:\/\/kskuarterly.ksk.ch\/index.php\/about\/","title":{"rendered":"About"},"content":{"rendered":"\n<h2 class=\"wp-block-heading\"><strong>Schulzeitung <em>KSKuarterly<\/em><\/strong><\/h2>\n\n\n\n<p>Informativ, unterhaltend, kritisch, aktuell: Viermal pro Jahr erscheint seit dem Schuljahr 2018\/19 <em>KSKuarterly<\/em>. Die vier Adjektive offenbaren, was sich die Redaktion vorgenommen hat. Die Schulzeitung soll, unter Anleitung zweier Lehrpersonen mit journalistischer Erfahrung, auf m\u00f6glichst professionellem Niveau Diskussionen wie auch Gel\u00e4chter ausl\u00f6sen und so einen wichtigen Beitrag zum Schulklima leisten.<\/p>\n\n\n\n<p>Konzipiert und erstellt wird die Zeitung im Rahmen eines w\u00f6chentlich stattfindenden Freikurses und mit viel pers\u00f6nlichem Einsatz der teilnehmenden Sch\u00fclerinnen und Sch\u00fcler. Sie f\u00fchlen dem Rektor auf den Zahn, interviewen Lehrpersonen, Sch\u00fclerinnen und Sch\u00fcler wie auch nicht unterrichtendes Personal, immer im Bestreben, die wichtigen und \u00fcberraschenden Geschichten m\u00f6glichst attraktiv zu erz\u00e4hlen.<\/p>\n\n\n\n<p>Dabei erlernen die Sch\u00fclerinnen und Sch\u00fcler das Journalistenhandwerk von Grund auf. Sie konzipieren Seiten, bereiten Gespr\u00e4che vor, f\u00fchren diese, schreiben Notizen, verarbeiten diese in eine passende journalistische Form, und sind jedes Quartal bei der Endredaktion der Zeitung dabei. Neue Redaktionsmitglieder sind stets willkommen, wir freuen uns auf euch!<\/p>\n\n\n\n<blockquote class=\"wp-block-quote is-layout-flow wp-block-quote-is-layout-flow\"><p><strong>\u201eWillsch de neust Gossip us de KSK? Meld di f\u00fcr Journalismus aa!\u201c\u00a0\u00a0\u00a0\u00a0\u00a0\u00a0\u00a0<\/strong><\/p><cite>Elena Leone, Gr\u00fcndungsmitglied<\/cite><\/blockquote>\n\n\n\n<p><\/p>\n\n\n\n<p><em>KSKuarterly<\/em> finanziert sich als Verein, losgel\u00f6st von der Schule, vor allem \u00fcber grossz\u00fcgige Unterst\u00fctzung von Sponsoren sowie durch den Verkauf der Zeitung an Interne zum Spezialpreis, sowie an Externe (Abopreis: 16 Franken pro Jahr). \u00dcber neue Leser\/-innen freuen wir uns stets. Vielen Dank!<\/p>\n","protected":false},"excerpt":{"rendered":"<p>Schulzeitung KSKuarterly Informativ, unterhaltend, kritisch, aktuell: Viermal pro Jahr erscheint seit dem Schuljahr 2018\/19 KSKuarterly. Die vier Adjektive offenbaren, was sich die Redaktion vorgenommen hat.&hellip;<\/p>\n<p> <a class=\"more-link\" href=\"https:\/\/kskuarterly.ksk.ch\/index.php\/about\/\">Read more<\/a><\/p>\n","protected":false},"author":12,"featured_media":0,"parent":0,"menu_order":0,"comment_status":"closed","ping_status":"closed","template":"","meta":{"footnotes":""},"class_list":["post-1716","page","type-page","status-publish"],"publishpress_future_action":{"enabled":false,"date":"2026-05-14 02:10:24","action":"change-status","newStatus":"draft","terms":[],"taxonomy":"","extraData":[]},"publishpress_future_workflow_manual_trigger":{"enabledWorkflows":[]},"_links":{"self":[{"href":"https:\/\/kskuarterly.ksk.ch\/index.php\/wp-json\/wp\/v2\/pages\/1716","targetHints":{"allow":["GET"]}}],"collection":[{"href":"https:\/\/kskuarterly.ksk.ch\/index.php\/wp-json\/wp\/v2\/pages"}],"about":[{"href":"https:\/\/kskuarterly.ksk.ch\/index.php\/wp-json\/wp\/v2\/types\/page"}],"author":[{"embeddable":true,"href":"https:\/\/kskuarterly.ksk.ch\/index.php\/wp-json\/wp\/v2\/users\/12"}],"replies":[{"embeddable":true,"href":"https:\/\/kskuarterly.ksk.ch\/index.php\/wp-json\/wp\/v2\/comments?post=1716"}],"version-history":[{"count":6,"href":"https:\/\/kskuarterly.ksk.ch\/index.php\/wp-json\/wp\/v2\/pages\/1716\/revisions"}],"predecessor-version":[{"id":1761,"href":"https:\/\/kskuarterly.ksk.ch\/index.php\/wp-json\/wp\/v2\/pages\/1716\/revisions\/1761"}],"wp:attachment":[{"href":"https:\/\/kskuarterly.ksk.ch\/index.php\/wp-json\/wp\/v2\/media?parent=1716"}],"curies":[{"name":"wp","href":"https:\/\/api.w.org\/{rel}","templated":true}]}}